{"id":1014,"date":"2017-09-17T22:37:54","date_gmt":"2017-09-17T20:37:54","guid":{"rendered":"http:\/\/signumproject.pl\/wp\/?page_id=1014"},"modified":"2021-11-19T13:05:41","modified_gmt":"2021-11-19T12:05:41","slug":"cookbook","status":"publish","type":"page","link":"https:\/\/signumproject.pl\/wp\/cookbook\/","title":{"rendered":"CookBook"},"content":{"rendered":"<h5>Z blisko setki naszych realizacji wybrali\u015bmy te, kt\u00f3re da\u0142y nam najwi\u0119cej satysfakcji i opisali\u015bmy je dla Was.<\/h5>\nZapraszamy Ci\u0119 do poznania naszej pracy od kuchni. Jeste\u015bmy grup\u0105 ludzi, kt\u00f3rzy kochaj\u0105 wyzwania i prac\u0119 nad rzeczami, kt\u00f3rych nikt wcze\u015bniej nie robi\u0142. Zobacz jakie wyzwania stawiaj\u0105 przed nami klienci i jak sobie z nimi radzimy.","protected":false},"excerpt":{"rendered":"Z blisko setki naszych realizacji wybrali\u015bmy te, kt\u00f3re da\u0142y nam najwi\u0119cej satysfakcji i opisali\u015bmy je dla Was. Zapraszamy Ci\u0119 do poznania naszej pracy od kuchni. Jeste\u015bmy grup\u0105 ludzi, kt\u00f3rzy kochaj\u0105 wyzwania i prac\u0119 nad rzeczami, kt\u00f3rych nikt wcze\u015bniej nie robi\u0142. Zobacz jakie wyzwania stawiaj\u0105 przed nami klienci i jak sobie z nimi radzimy.","protected":false},"author":1,"featured_media":0,"parent":0,"menu_order":0,"comment_status":"closed","ping_status":"closed","template":"","meta":{"_acf_changed":false,"footnotes":""},"categories":[],"class_list":["post-1014","page","type-page","status-publish","hentry"],"acf":[],"yoast_head":"<!-- This site is optimized with the Yoast SEO plugin v26.6 - https:\/\/yoast.com\/wordpress\/plugins\/seo\/ -->\n<title>CookBook &#8226; SiGNUM Project<\/title>\n<meta name=\"robots\" content=\"index, follow, max-snippet:-1, max-image-preview:large, max-video-preview:-1\" \/>\n<link rel=\"canonical\" href=\"https:\/\/signumproject.pl\/wp\/cookbook\/\" \/>\n<meta property=\"og:locale\" content=\"pl_PL\" \/>\n<meta property=\"og:type\" content=\"article\" \/>\n<meta property=\"og:title\" content=\"CookBook &#8226; SiGNUM Project\" \/>\n<meta property=\"og:description\" content=\"Z blisko setki naszych realizacji wybrali\u015bmy te, kt\u00f3re da\u0142y nam najwi\u0119cej satysfakcji i opisali\u015bmy je dla Was. Zapraszamy Ci\u0119 do poznania naszej pracy od kuchni. Jeste\u015bmy grup\u0105 ludzi, kt\u00f3rzy kochaj\u0105 wyzwania i prac\u0119 nad rzeczami, kt\u00f3rych nikt wcze\u015bniej nie robi\u0142. Zobacz jakie wyzwania stawiaj\u0105 przed nami klienci i jak sobie z nimi radzimy.\" \/>\n<meta property=\"og:url\" content=\"https:\/\/signumproject.pl\/wp\/cookbook\/\" \/>\n<meta property=\"og:site_name\" content=\"SiGNUM Project\" \/>\n<meta property=\"article:modified_time\" content=\"2021-11-19T12:05:41+00:00\" \/>\n<script type=\"application\/ld+json\" class=\"yoast-schema-graph\">{\"@context\":\"https:\/\/schema.org\",\"@graph\":[{\"@type\":\"WebPage\",\"@id\":\"https:\/\/signumproject.pl\/wp\/cookbook\/\",\"url\":\"https:\/\/signumproject.pl\/wp\/cookbook\/\",\"name\":\"CookBook &#8226; SiGNUM Project\",\"isPartOf\":{\"@id\":\"https:\/\/signumproject.pl\/wp\/#website\"},\"datePublished\":\"2017-09-17T20:37:54+00:00\",\"dateModified\":\"2021-11-19T12:05:41+00:00\",\"breadcrumb\":{\"@id\":\"https:\/\/signumproject.pl\/wp\/cookbook\/#breadcrumb\"},\"inLanguage\":\"pl-PL\",\"potentialAction\":[{\"@type\":\"ReadAction\",\"target\":[\"https:\/\/signumproject.pl\/wp\/cookbook\/\"]}]},{\"@type\":\"BreadcrumbList\",\"@id\":\"https:\/\/signumproject.pl\/wp\/cookbook\/#breadcrumb\",\"itemListElement\":[{\"@type\":\"ListItem\",\"position\":1,\"name\":\"Start\",\"item\":\"https:\/\/signumproject.pl\/wp\/\"},{\"@type\":\"ListItem\",\"position\":2,\"name\":\"CookBook\"}]},{\"@type\":\"WebSite\",\"@id\":\"https:\/\/signumproject.pl\/wp\/#website\",\"url\":\"https:\/\/signumproject.pl\/wp\/\",\"name\":\"SiGNUM Project\",\"description\":\"Projektujemy przysz\u0142o\u015b\u0107 \u0142\u0105cz\u0105c nowe mo\u017cliwo\u015bci\",\"potentialAction\":[{\"@type\":\"SearchAction\",\"target\":{\"@type\":\"EntryPoint\",\"urlTemplate\":\"https:\/\/signumproject.pl\/wp\/?s={search_term_string}\"},\"query-input\":{\"@type\":\"PropertyValueSpecification\",\"valueRequired\":true,\"valueName\":\"search_term_string\"}}],\"inLanguage\":\"pl-PL\"}]}<\/script>\n<!-- \/ Yoast SEO plugin. -->","yoast_head_json":{"title":"CookBook &#8226; SiGNUM Project","robots":{"index":"index","follow":"follow","max-snippet":"max-snippet:-1","max-image-preview":"max-image-preview:large","max-video-preview":"max-video-preview:-1"},"canonical":"https:\/\/signumproject.pl\/wp\/cookbook\/","og_locale":"pl_PL","og_type":"article","og_title":"CookBook &#8226; SiGNUM Project","og_description":"Z blisko setki naszych realizacji wybrali\u015bmy te, kt\u00f3re da\u0142y nam najwi\u0119cej satysfakcji i opisali\u015bmy je dla Was. Zapraszamy Ci\u0119 do poznania naszej pracy od kuchni. Jeste\u015bmy grup\u0105 ludzi, kt\u00f3rzy kochaj\u0105 wyzwania i prac\u0119 nad rzeczami, kt\u00f3rych nikt wcze\u015bniej nie robi\u0142. Zobacz jakie wyzwania stawiaj\u0105 przed nami klienci i jak sobie z nimi radzimy.","og_url":"https:\/\/signumproject.pl\/wp\/cookbook\/","og_site_name":"SiGNUM Project","article_modified_time":"2021-11-19T12:05:41+00:00","schema":{"@context":"https:\/\/schema.org","@graph":[{"@type":"WebPage","@id":"https:\/\/signumproject.pl\/wp\/cookbook\/","url":"https:\/\/signumproject.pl\/wp\/cookbook\/","name":"CookBook &#8226; SiGNUM Project","isPartOf":{"@id":"https:\/\/signumproject.pl\/wp\/#website"},"datePublished":"2017-09-17T20:37:54+00:00","dateModified":"2021-11-19T12:05:41+00:00","breadcrumb":{"@id":"https:\/\/signumproject.pl\/wp\/cookbook\/#breadcrumb"},"inLanguage":"pl-PL","potentialAction":[{"@type":"ReadAction","target":["https:\/\/signumproject.pl\/wp\/cookbook\/"]}]},{"@type":"BreadcrumbList","@id":"https:\/\/signumproject.pl\/wp\/cookbook\/#breadcrumb","itemListElement":[{"@type":"ListItem","position":1,"name":"Start","item":"https:\/\/signumproject.pl\/wp\/"},{"@type":"ListItem","position":2,"name":"CookBook"}]},{"@type":"WebSite","@id":"https:\/\/signumproject.pl\/wp\/#website","url":"https:\/\/signumproject.pl\/wp\/","name":"SiGNUM Project","description":"Projektujemy przysz\u0142o\u015b\u0107 \u0142\u0105cz\u0105c nowe mo\u017cliwo\u015bci","potentialAction":[{"@type":"SearchAction","target":{"@type":"EntryPoint","urlTemplate":"https:\/\/signumproject.pl\/wp\/?s={search_term_string}"},"query-input":{"@type":"PropertyValueSpecification","valueRequired":true,"valueName":"search_term_string"}}],"inLanguage":"pl-PL"}]}},"_links":{"self":[{"href":"https:\/\/signumproject.pl\/wp\/wp-json\/wp\/v2\/pages\/1014","targetHints":{"allow":["GET"]}}],"collection":[{"href":"https:\/\/signumproject.pl\/wp\/wp-json\/wp\/v2\/pages"}],"about":[{"href":"https:\/\/signumproject.pl\/wp\/wp-json\/wp\/v2\/types\/page"}],"author":[{"embeddable":true,"href":"https:\/\/signumproject.pl\/wp\/wp-json\/wp\/v2\/users\/1"}],"replies":[{"embeddable":true,"href":"https:\/\/signumproject.pl\/wp\/wp-json\/wp\/v2\/comments?post=1014"}],"version-history":[{"count":7,"href":"https:\/\/signumproject.pl\/wp\/wp-json\/wp\/v2\/pages\/1014\/revisions"}],"predecessor-version":[{"id":2035,"href":"https:\/\/signumproject.pl\/wp\/wp-json\/wp\/v2\/pages\/1014\/revisions\/2035"}],"wp:attachment":[{"href":"https:\/\/signumproject.pl\/wp\/wp-json\/wp\/v2\/media?parent=1014"}],"wp:term":[{"taxonomy":"category","embeddable":true,"href":"https:\/\/signumproject.pl\/wp\/wp-json\/wp\/v2\/categories?post=1014"}],"curies":[{"name":"wp","href":"https:\/\/api.w.org\/{rel}","templated":true}]}}